{"id":2,"date":"2022-01-15T10:21:26","date_gmt":"2022-01-15T10:21:26","guid":{"rendered":"https:\/\/blog.viskigabor.hu\/?page_id=2"},"modified":"2026-04-20T18:44:18","modified_gmt":"2026-04-20T18:44:18","slug":"ez-egy-minta-oldal","status":"publish","type":"page","link":"https:\/\/blog.viskigabor.hu\/?page_id=2","title":{"rendered":"Bemutatkoz\u00e1s"},"content":{"rendered":"\n<p>\u00dcdv\u00f6zlet az Olvas\u00f3knak! Amat\u0151r sportol\u00f3k\u00e9nt kajakozok, ez pedig az \u00e9n oldalam.<\/p>\n\n\n\n<p><strong>R\u00f3lam \u00edrt\u00e1k\/M\u00e9dia megjelen\u00e9sek:<\/strong><br><a href=\"https:\/\/kajakkenusport.hu\/hir\/viski-gabor-a-hid-az-amatorok-es-a-profik-kozott\" target=\"_blank\" rel=\"noreferrer noopener\">Viski G\u00e1bor, a h\u00edd az amat\u0151r\u00f6k \u00e9s a profik k\u00f6z\u00f6tt<\/a> &#8211; <em>kajakkenusport.hu 2022<\/em><br><a href=\"https:\/\/hirtv.hu\/mozaik\/mozaik-hetvegen-balaton-atevezes-2550518\" target=\"_blank\" rel=\"noreferrer noopener\">Mozaik: H\u00e9tv\u00e9g\u00e9n Balaton-\u00e1tevez\u00e9s<\/a> &#8211; <em>H\u00edrTV 2022<\/em><br><a href=\"https:\/\/halomtv.hu\/szombati-mozaik-417\" target=\"_blank\" rel=\"noreferrer noopener\">SZOMBATI MOZAIK: Bemutatjuk a Hazai Vizek Bajnok\u00e1t<\/a> &#8211; <em>HalomTV 2022<\/em><br><a href=\"http:\/\/www.hirtukor.hu\/bel.php?ssz=36507\">Battai amat\u0151r kajak sikerek<\/a> &#8211; <em>H\u00edrt\u00fck\u00f6r 2023<\/em><br><a href=\"https:\/\/youtu.be\/vV5JNKKgcSA?si=R1hKLApKC0TxRybK&amp;t=650\">Mapei Tour de Zalakaros 2024 &#8211; Balasport<\/a> &#8211; <em>SportTV 2024<\/em><\/p>\n\n\n\n<p>Szabadid\u0151s\/Masters sportol\u00f3k\u00e9nt el\u00e9rt eredm\u00e9nyek:<\/p>\n\n\n\n<p><strong><em>2020<\/em><\/strong><br><em>Hervis <strong>Balaton-\u00e1tevez\u00e9s<\/strong> | F\u00e9rfi \/Kajak 1 10 km | <strong>8. hely<\/strong><\/em><br><em>Masters <\/em><strong><em>Magyar<\/em><\/strong><em><strong> Bajnoks\u00e1g<\/strong> | <\/em>K4 F\u00e9rfi Szabadid\u0151s \u00e9s Egyetemista 500m &#8211; A D\u00f6nt\u0151<em>| <strong>9. hely<\/strong><\/em><br><em>Masters <\/em><strong><em>Magyar<\/em><\/strong><em><strong> Bajnoks\u00e1g<\/strong> | <\/em>K4 F\u00e9rfi Szabadid\u0151s \u00e9s Egyetemista 200m &#8211; A D\u00f6nt\u0151<em>| <strong>8. hely<\/strong><\/em><br><em><strong>KEVENET-\u00c1szok Kupa<\/strong> |<em><em>F\u00e9rfi \/Kajak 1 15 km | <\/em><\/em> <strong>2. hely<\/strong><\/em><br><em>Graboplast Masters \u00e9s Parakenu <strong>Maraton Magyar Bajnoks\u00e1g<\/strong> | K1 F\u00e9rfi Szabadid\u0151s \u00e9s Egyetemi 10 km | <strong>4. hely<\/strong><\/em><br><em>Graboplast Masters \u00e9s Parakenu <strong>Maraton Magyar Bajnoks\u00e1g<\/strong> | K2 F\u00e9rfi Szabadid\u0151s \u00e9s Egyetemi 10 km | <strong>8. hely<\/strong><\/em><\/p>\n\n\n\n<p><strong><em>2021<\/em><\/strong><br><em>Hazai Vizeken &#8211; <strong>Nagy Duna Beevez\u00e9s<\/strong> <em>| F\u00e9rfi  \/ Kajak 1 &#8211; <em><em>Hossz\u00fat\u00e1v<\/em><\/em> 24 km&nbsp;|<\/em><\/em> <em><strong>2. hely<\/strong><br><strong>Mosoni-Duna 75 River Downhill <\/strong>&#8211; Marathon Challenge II. \u00e1llom\u00e1s <em>| F\u00e9rfi \/Kajak 1 75 km |<\/em> <strong>12. hely<\/strong><br>Hazai Vizeken &#8211; <strong>Tisza-t\u00f3 Beevez\u00e9s<\/strong> <em><em><em><em><em>| F\u00e9rfi  \/ Kajak 1 &#8211; <em><em>Hossz\u00fat\u00e1v<\/em><\/em> 20 km |<\/em><\/em><\/em><\/em> <\/em><strong>2. hely<\/strong><br>Hazai Vizeken &#8211; <strong>R\u00e1ba Beevez\u00e9s<\/strong> <em><em><em><em><em>| F\u00e9rfi  \/ Kajak 1 &#8211; <em><em>Hossz\u00fat\u00e1v<\/em><\/em> 24 km |<\/em><\/em><\/em><\/em><\/em><\/em> <em><strong>1. hely<\/strong><br>Hazai Vizeken &#8211; <strong>R\u00e1ckevei-Duna<\/strong> <em><em><em><em><em>| F\u00e9rfi  \/ Kajak 1 &#8211; <em><em>Hossz\u00fat\u00e1v<\/em><\/em> 20 km |<\/em><\/em><\/em><\/em><\/em><\/em> <em><strong>2. hely<\/strong><br>Red Bull <strong>Balaton-\u00e1tevez\u00e9s<em> <\/em><\/strong><em>| F\u00e9rfi \/Kajak 1 6 km| <\/em> <strong>6. hely<\/strong><br>Hazai Vizeken &#8211; <strong>Sugovica Beevez\u00e9s<\/strong> <em><em><em><em>| F\u00e9rfi  \/ Kajak 1 &#8211; <em><em>Hossz\u00fat\u00e1v<\/em><\/em> 22 km |<\/em><\/em><\/em><\/em>  <strong>2. hely<\/strong><br><strong>Tisza-t\u00f3 \u00e1tevez\u00e9s<\/strong> <em>| Vegyes csapat \/ Kajak 9 km | <\/em> <strong>5. hely<\/strong><br><strong>Tisza-t\u00f3 \u00e1tevez\u00e9s<\/strong> <em>| F\u00e9rfi \/Kajak 1  9 km| <\/em><strong>1. hely<\/strong><br>Hazai Vizeken &#8211; <strong>Szigetk\u00f6z Beevez\u00e9s<\/strong> <em><em><em><em><em><em><em>| F\u00e9rfi  \/ Kajak 1 &#8211; <em><em>R\u00f6vidt\u00e1v<\/em><\/em> 8 km|<\/em><\/em><\/em><\/em><\/em><\/em><\/em> <strong>1. hely<\/strong><br><strong>Crossing Budapest<\/strong>  | F\u00e9rfi \/ Surfski 1 &#8211; 16 km | <strong>9. hely<\/strong><br><strong>Duna\u00fajv\u00e1ros Kupa<\/strong> &#8211; |F\u00e9rfi Masters \/ Kajak 1 &#8211; 500m| <strong>1. hely<\/strong><br><strong>II. Si\u00f3 Kupa<\/strong> &#8211; Marathon Challenge III. \u00e1lom\u00e1s | F\u00e9rfi  Masters \/ Kajak 1 &#8211; 4,5 km | &#8211; <strong>1. hely<\/strong> (Masters abszolult 3.hely)<br><strong>Szabacs Kupa 2021 <\/strong>&#8211; <em><em>| F\u00e9rfi \/Kajak 1 6 km | <\/em><\/em> <strong>1. hely<\/strong><br>Masters <strong>Maraton Magyar Bajnoks\u00e1g<\/strong> <em>| K1 F\u00e9rfi Szabadid\u0151s \u00e9s Egyetemi 10 km |<\/em><\/em> <em><strong>8. hely<\/strong><br>Masters <strong>Maraton Magyar Bajnoks\u00e1g<\/strong> <em>| K2 F\u00e9rfi Szabadid\u0151s \u00e9s Egyetemi 10 km |<\/em><strong>5. hely<\/strong><br><strong>N\u00e9pszer\u0171s\u00edt\u0151 Maraton Verseny<\/strong> &#8211; Marathon Challenge IV. \u00e1llom\u00e1s | F\u00e9rfi Masters \/ Kajak 1 &#8211; 15 km | <strong>1. hely<\/strong><\/em><\/p>\n\n\n\n<p><strong><em>Hazai Vizeken Beevez\u00e9s 2021 \u00d6sszes\u00edtett pontverseny Kajak F\u00e9rfi egyes 1. helyezett<\/em><\/strong><\/p>\n\n\n\n<p><em><strong>2022<\/strong><\/em><br><em><strong>Lupa-Kupa<\/strong> (Budapest R\u00e9gi\u00f3) | K1 F\u00e9rfi Szabadid\u0151s \u00e9s Egyetemi, Masters 5 km | <strong>2. hely<\/strong><\/em><br><em><strong>A-H\u00edd Kupa, \u00d6b\u00f6lk\u00f6r Bajnoks\u00e1g<\/strong> | K1 F\u00e9rfi Szabadid\u0151s \u00e9s Egyetemi, Masters 2000 m | <strong>1. hely<\/strong><\/em><br><em>Hazai Vizeken &#8211; <strong>Mosoni-Duna Beevez\u00e9s<\/strong> <em>| Verseny Kajak F\u00e9rfi Egyes<\/em><\/em> <em><em>&#8211; <em><em>Hossz\u00fat\u00e1v<\/em><\/em> 16 km&nbsp;|<\/em><\/em> <em><strong>1. hely<\/strong><\/em><br><em>Hazai Vizeken &#8211; <strong>Nagy-Duna Beevez\u00e9s<\/strong> <em>| Verseny Kajak F\u00e9rfi Egyes<\/em><\/em> <em><em>&#8211; <em><em>Hossz\u00fat\u00e1v<\/em><\/em> 24 km&nbsp;|<\/em><\/em> <em><strong>4. hely<\/strong><\/em><br><em>Graboplast Masters <strong>Maraton Magyar Bajnoks\u00e1g<\/strong> <em>| K1 F\u00e9rfi Masters 10 km 35-39 |<\/em><\/em> <em><strong>5. hely<\/strong><br><em>Graboplast <\/em>Masters <strong>Maraton Magyar Bajnoks\u00e1g<\/strong> <em>| K2 F\u00e9rfi Masters 10 km 35-39 |<\/em><strong>2. hely<\/strong><\/em><br><em>Hazai Vizeken &#8211; <strong>Tisza-t\u00f3 Beevez\u00e9s<\/strong> <em>| Verseny Kajak F\u00e9rfi Egyes<\/em><\/em> <em><em>&#8211; <em><em>Hossz\u00fat\u00e1v<\/em><\/em> 19 km&nbsp;|<\/em><\/em> <em><strong>1. hely<\/strong><\/em><br><em>Hazai Vizeken &#8211; <strong>R\u00e1ba Beevez\u00e9s<\/strong> <em>| Verseny Kajak F\u00e9rfi Egyes<\/em><\/em> <em><em>&#8211; <em><em>Hossz\u00fat\u00e1v<\/em><\/em> 24 km&nbsp;|<\/em><\/em> <em><strong>1. hely<\/strong><\/em><br><em>Hazai Vizeken &#8211; <strong>Bodrogzug Beevez\u00e9s<\/strong> <em>| Verseny Kajak F\u00e9rfi Egyes<\/em><\/em> <em><em>&#8211; Hossz\u00fat\u00e1v 25 km&nbsp;|<\/em><\/em> <em><strong>7. hely<\/strong><\/em><br><em>Hazai Vizeken &#8211; <strong>R\u00e1ckevei-Duna Beevez\u00e9s<\/strong> <em>| Verseny Kajak F\u00e9rfi Egyes<\/em><\/em> <em><em>&#8211; Hossz\u00fat\u00e1v 20 km&nbsp;|<\/em><\/em> <em><strong>1. hely<\/strong><\/em><br><em>Masters <\/em><strong><em>Magyar<\/em><\/strong><em><strong> Bajnoks\u00e1g<\/strong> | K2 F\u00e9rfi Masters 500 m 35-39 &#8211; A D\u00f6nt\u0151 | <strong>5. hely<\/strong><\/em><br><em>Masters <\/em><strong><em>Magyar<\/em><\/strong><em><strong> Bajnoks\u00e1g<\/strong> | K1 F\u00e9rfi Masters 500 m 35-39 &#8211; A D\u00f6nt\u0151 | <strong>4. hely<\/strong><\/em><br><em>Masters <\/em><strong><em>Magyar<\/em><\/strong><em><strong> Bajnoks\u00e1g<\/strong> | K2 Vegyes Szabadid\u0151s \u00e9s Egyetemi 500 m &#8211; A D\u00f6nt\u0151<\/em> <em>| <strong>2. hely<\/strong><\/em><br><em>Masters <\/em><strong><em>Magyar<\/em><\/strong><em><strong> Bajnoks\u00e1g<\/strong> | K1 F\u00e9rfi Masters 200 m 35-39 &#8211; A D\u00f6nt\u0151 | <strong>6. hely<\/strong><\/em><br><em>Masters <\/em><strong><em>Magyar<\/em><\/strong><em><strong>Bajnoks\u00e1g<\/strong> | K2 Vegyes Masters 200 m 40-44 &#8211; A D\u00f6nt\u0151 | <strong>2. hely<\/strong><\/em><br><em>Hazai Vizeken &#8211; <strong>Szigetk\u00f6z Beevez\u00e9s<\/strong> <em>| Verseny Kajak F\u00e9rfi Egyes<\/em><\/em> <em><em>&#8211; Hossz\u00fat\u00e1v 22 km&nbsp;|<\/em><\/em> <em><strong>1. hely<\/strong><\/em><br><em><strong>Wichmann Tam\u00e1s International Regatta<\/strong> | K-1 Men &#8211; Senior 19+ &#8211; 500m &#8211; Final A | <strong>2. hely<\/strong><\/em><br><em><strong>Wichmann Tam\u00e1s International Regatta<\/strong> | K-1 Men &#8211; Senior 19+ &#8211; 200m &#8211; Final A | <strong>1. hely<\/strong><\/em><br><em><strong>Wichmann Tam\u00e1s International Regatta<\/strong> | K-1 Men &#8211; Senior 19+ &#8211; 2000m &#8211; Final A | <strong>3. hely<\/strong><\/em><br><em><strong>Szabacs Kupa <\/strong>&#8211; <em><em>| F\u00e9rfi \/Kajak 1 &#8211; 7 km | <\/em><\/em> <strong>1. hely<\/strong><\/em><br><em><strong>N\u00e9pszer\u0171s\u00edt\u0151 Maraton Verseny<\/strong> &#8211; F\u00e1bi\u00e1n L\u00e1szl\u00f3 Eml\u00e9kverseny | F\u00e9rfi Masters \/ Kajak 1 &#8211; 15 km | <strong>1. hely<\/strong><\/em><br><em><strong>H\u00e9v\u00edzibivaly Duatlon <\/strong>&#8211; <em><em>| F\u00e9rfi Kajak 1 | <\/em><\/em> <strong>3. hely<\/strong><\/em><br><br><strong><em>Hazai Vizeken Beevez\u00e9s 2022 \u00d6sszes\u00edtett pontverseny Verseny Kajak F\u00e9rfi egyes 1. helyezett<\/em><\/strong><br><br><em><strong>202<\/strong><\/em><strong><em>3<\/em><\/strong><br><em><strong>IX. Bankh\u00e1za Regatta <\/strong>\u2013 Kov\u00e1cs Kupa \u2013 Csatorna Csata | versenyhaj\u00f3 \u2013 kajak (K-1) open<\/em> f\u00e9rfi<em>16 km | <strong>5. hely<\/strong><\/em><br><em>Hazai Vizeken &#8211; <strong>Mosoni Duna T\u00faraverseny<\/strong> | <em><em>Verseny Kajak F\u00e9rfi Egyes<\/em><\/em> <em><em>&#8211; <em><em>Hossz\u00fat\u00e1v<\/em><\/em> 16 km<\/em><\/em> | <strong>3. hely<\/strong><\/em><br><em><strong>A-H\u00edd Kupa, \u00d6b\u00f6lk\u00f6r Bajnoks\u00e1g<\/strong> | K1 F\u00e9rfi Szabadid\u0151s \u00e9s Egyetemi, Masters 2000 m | <strong>6. hely<\/strong><\/em><br><em><em>Graboplast <\/em>Masters <strong>Maraton Magyar Bajnoks\u00e1g<\/strong> <em>| K2 Vegyes Masters 10 km 35-39 |<\/em><strong>1. hely<\/strong><\/em><br><em>Hazai Vizeken &#8211; <strong>Dunakeszi Futam<\/strong> | <em>Verseny Kajak F\u00e9rfi Egyes<\/em> <em>&#8211; Hossz\u00fat\u00e1v 12 km<\/em> | <strong>7. hely<\/strong><\/em><br><em><em>Orsz\u00e1gos V\u00edzit\u00fara Bajnoks\u00e1g<\/em> <strong>XIII. R\u00e1baLap\u00e1tol\u00e1s<\/strong> <em>| Versenykajak f\u00e9rfi-1 38\u2009cm VK-F1 22 km | <\/em><strong>1. hely<\/strong><\/em><br><em>Hazai Vizeken &#8211; <strong>S\u00e1ndor Tam\u00e1s Eml\u00e9kt\u00fara &#8211; Szarvas<\/strong> | <em>Verseny Kajak F\u00e9rfi Egyes<\/em> <em>&#8211; Hossz\u00fat\u00e1v 12 km<\/em> | <strong>5. hely<\/strong><\/em><br><em><em>Orsz\u00e1gos V\u00edzit\u00fara Bajnoks\u00e1g<\/em> <strong>Rukkel L\u00e1szl\u00f3 t\u00faraverseny &#8211; Szigetszentmikl\u00f3s<\/strong> <em>| Versenykajak f\u00e9rfi-1 38\u2009cm VK-F1 22 km | <\/em><strong>5. hely<\/strong><\/em><br><em>Hervis&nbsp;<strong>Balaton-\u00e1tevez\u00e9s<\/strong>&nbsp;| F\u00e9rfi \/Kajak 1 8 km |&nbsp;<strong>7. hely<\/strong><\/em><br><em>Hervis&nbsp;<strong>Balaton-\u00e1tevez\u00e9s<\/strong>&nbsp;| Csapathaj\u00f3 \/Kajak 8 km |&nbsp;<strong>4. hely<\/strong><\/em><br><em>Masters <\/em><strong><em>Magyar<\/em><\/strong><em><strong>Bajnoks\u00e1g<\/strong> | K1 F\u00e9rfi Masters 200 m 35-39 &#8211; A D\u00f6nt\u0151 | <strong>9. hely<\/strong><\/em><br><em>Masters <\/em><strong><em>Magyar<\/em><\/strong><em><strong>Bajnoks\u00e1g<\/strong> | K2 Vegyes Szabadid\u0151s \u00e9s Egyetemi 200 m &#8211; A D\u00f6nt\u0151<\/em> <em>| <strong>6. hely<\/strong><\/em><br><em>Masters <\/em><strong><em>Magyar<\/em><\/strong><em><strong> Bajnoks\u00e1g<\/strong> | K4 Vegyes Masters 200 m 40-44 200 m &#8211; A D\u00f6nt\u0151<\/em> <em>| <strong>2. hely<\/strong><\/em><br><em><em>Orsz\u00e1gos V\u00edzit\u00fara Bajnoks\u00e1g<\/em> <strong>Szokolyi Alajos eml\u00e9kverseny &#8211; Ipolyvisk<\/strong> <em>| Versenykajak f\u00e9rfi-1 38\u2009cm VK-F1 18 km | <\/em><strong>1. hely<\/strong><\/em><br><em><em>Orsz\u00e1gos V\u00edzit\u00fara Bajnoks\u00e1g<\/em> <strong>Szer\u00e9ny L\u00e1szl\u00f3 t\u00faraverseny &#8211; Baja<\/strong> <em>| Versenykajak f\u00e9rfi-1 38\u2009cm VK-F1 17 km | <\/em><strong>1. hely<\/strong><\/em><br><em>Hazai Vizeken &#8211; <strong>Balatonf\u00fcred-Tihany Beevez\u00e9s<\/strong> | <em>Ny\u00edlt kajak f\u00e9rfi egyes<\/em> <em>&#8211; Hossz\u00fat\u00e1v 13 km<\/em> | <strong>3. hely<\/strong><\/em><br><em><strong>Wichmann Tam\u00e1s International Regatta<\/strong> | K-1 Men &#8211; Senior 19+ &#8211; 500m &#8211; Final A | <strong>6. hely<\/strong><\/em><br><em><strong>Wichmann Tam\u00e1s International Regatta<\/strong> | K-1 Men &#8211; Senior 19+ &#8211; 200m &#8211; Final A | <strong>7. hely<\/strong><\/em><br><em><strong>Wichmann Tam\u00e1s International Regatta<\/strong> | K-1 Men &#8211; Senior 19+ &#8211; 2000m &#8211; Final A | <strong>7. hely<\/strong><\/em><br><em><strong>Szabacs Kupa <\/strong>&#8211; <em>| F\u00e9rfi \/Kajak 1 &#8211; 7 km |<\/em> <strong>3. hely<\/strong><\/em><\/p>\n\n\n\n<p><strong><em>Orsz\u00e1gos V\u00edzit\u00fara Bajnoks\u00e1g 2023 \u00d6sszes\u00edtett pontverseny Versenykajak f\u00e9rfi-1 38cm VK-F1 1. helyezett<\/em><\/strong><br><strong><em>Hazai Vizeken Beevez\u00e9s 2023 \u00d6sszes\u00edtett pontverseny Kajak<\/em><\/strong> <strong><em>f\u0151kateg\u00f3ria 3. helyezett<\/em><\/strong><\/p>\n\n\n\n<p><em><strong>2024<\/strong><\/em><br><em><strong>H\u00e9v\u00edzibivaly Duatlon <\/strong>&#8211; <em><em>| F\u00e9rfi Kajak 1 | <\/em><\/em> <strong>4. hely<\/strong><\/em><br><em>Hazai Vizeken &#8211; <strong>Mosoni Duna Beevez\u00e9s<\/strong> | <em><em>Verseny Kajak F\u00e9rfi Egyes<\/em><\/em> <em><em>&#8211; <em><em>Hossz\u00fat\u00e1v<\/em><\/em> 16 km<\/em><\/em> | <strong>2. hely<\/strong><\/em><br><em><em>Orsz\u00e1gos V\u00edzit\u00fara Bajnoks\u00e1g<\/em> <strong>K\u00e1ka-Foki t\u00faraverseny<\/strong> <em>| T\u00farakajak 2 (nyitott) (42&gt;) 25 km | <\/em><strong>2. hely<\/strong><\/em><br><em>Graboplast Masters \u00e9s Para Kajak-Kenu <strong>Maraton Magyar Bajnoks\u00e1g<\/strong> <em>| K1 F\u00e9rfi Masters 10 km 35-39 |<\/em><\/em> <em><strong>4. hely<\/strong><br><em>Graboplast Masters \u00e9s Para Kajak-Kenu<\/em> <strong>Maraton Magyar Bajnoks\u00e1g<\/strong> <em>| K2 F\u00e9rfi Masters 10 km 35-39 |<\/em><strong> 4. hely<\/strong><\/em><br><em>Hazai Vizeken &#8211; <strong>Dunakeszi Futam<\/strong> | <em><em>Verseny Kajak F\u00e9rfi Egyes<\/em><\/em> <em><em>&#8211; <em><em>Hossz\u00fat\u00e1v<\/em><\/em> 22 km<\/em><\/em> | <strong>2. hely<\/strong><\/em><br><em><em>Orsz\u00e1gos V\u00edzit\u00fara Bajnoks\u00e1g<\/em> <strong><em><strong>XIV. R\u00e1baLap\u00e1tol\u00e1s<\/strong><\/em><\/strong> <em>| T\u00farakajak 2 (nyitott) (42&gt;) 24 km | <\/em><strong>1. hely<\/strong><\/em><br><em><em>Orsz\u00e1gos V\u00edzit\u00fara Bajnoks\u00e1g<\/em> <strong><em><strong>Rukkel L\u00e1szl\u00f3 t\u00faraverseny &#8211; Szigetszentmikl\u00f3s<\/strong><\/em><\/strong> <em>| T\u00farakajak 2 (nyitott) (42&gt;) 22 km | <\/em><strong>1. hely<\/strong><\/em><br><em>Masters <\/em><strong><em>Magyar<\/em><\/strong><em><strong> Bajnoks\u00e1g<\/strong> | K1 F\u00e9rfi Masters 500 m 35-39 &#8211; A D\u00f6nt\u0151 | <strong>3. hely<\/strong><\/em><br><em>Masters <\/em><strong><em>Magyar<\/em><\/strong><em><strong> Bajnoks\u00e1g<\/strong> | K2 Vegyes Szabadid\u0151s \u00e9s Egyetemi 500 m &#8211; A D\u00f6nt\u0151<\/em> <em>|<strong>3. hely<\/strong><\/em><br><em>Masters <\/em><strong><em>Magyar<\/em><\/strong><em><strong> Bajnoks\u00e1g<\/strong> | K1 F\u00e9rfi Masters 200 m 35-39 &#8211; A D\u00f6nt\u0151 | <strong>5. hely<\/strong><\/em><br><em>Masters <\/em><strong><em>Magyar <\/em><\/strong><em><strong>Bajnoks\u00e1g<\/strong> | K2 Vegyes Szabadid\u0151s \u00e9s Egyetemi 200 m &#8211; A D\u00f6nt\u0151<\/em> <em>|<strong>5. hely<\/strong><\/em><br><em>Hervis&nbsp;<strong>Balaton-\u00e1tevez\u00e9s<\/strong>&nbsp;| F\u00e9rfi \/Kajak 1 8 km |&nbsp;<strong>1. hely<\/strong><\/em><br><em><em>Orsz\u00e1gos V\u00edzit\u00fara Bajnoks\u00e1g<\/em> <strong>Szer\u00e9ny L\u00e1szl\u00f3 t\u00faraverseny &#8211; Baja<\/strong> |<em><em><em>T\u00farakajak 2 (nyitott) (42&gt;) 22 km | <\/em><strong>1. hely<\/strong><\/em><\/em><\/em><br><em><strong>Tisza-t\u00f3 \u00e1tevez\u00e9s<\/strong> | Vegyes csapat \/ Kajak 8 km | <strong>1. hely<\/strong><\/em><br><em>Orsz\u00e1gos V\u00edzit\u00fara Bajnoks\u00e1g <strong>Domschitz J\u00f3zsef eml\u00e9kverseny &#8211; Dunakiliti<\/strong> |T\u00farakajak 2 (nyitott) (42&gt;) 22 km | <strong>1. hely<\/strong><\/em><br><em>ICF <strong>CANOE MARATHON MASTERS WORLD CHAMPIONSHIPS<\/strong><\/em> | K1 Men 35-39 | <strong><em>9. hely<\/em><\/strong><br><em>ICF <strong>CANOE MARATHON MASTERS WORLD CHAMPIONSHIPS<\/strong> <\/em>| K2 Mix 35-39 | <strong><em>11. hely<\/em><\/strong><\/p>\n\n\n\n<p><em><strong>2025<\/strong><\/em><br><em>Graboplast Master <strong>Maraton Magyar Bajnoks\u00e1g<\/strong> <em>| K2 Vegyes Masters 10 km 35-39 |<\/em><\/em> <em><strong>1. hely<\/strong><br><em>Graboplast Master<\/em> <strong>Maraton Magyar Bajnoks\u00e1g<\/strong> <em>| K2 F\u00e9rfi Masters 10 km 35-39 |<\/em><strong>3. hely<\/strong><\/em><br><em>Masters <\/em><strong><em>Magyar<\/em><\/strong><em><strong>Bajnoks\u00e1g<\/strong> | K1 F\u00e9rfi Masters 500 m 35-39 &#8211; A D\u00f6nt\u0151 | <strong>6. hely<\/strong><\/em><br><em>Masters <\/em><strong><em>Magyar<\/em><\/strong><em><strong>Bajnoks\u00e1g<\/strong> | K2 Mix Masters 500 m 40-44 &#8211; A D\u00f6nt\u0151<\/em> <em>|<strong>2. hely<\/strong><\/em><br><em>Masters <\/em><strong><em>Magyar<\/em><\/strong><em><strong>Bajnoks\u00e1g<\/strong> | K1 F\u00e9rfi Masters 200 m 35-39 &#8211; A D\u00f6nt\u0151 | <strong>4. hely<\/strong><\/em><br><em>Masters <\/em><strong><em>Magyar<\/em><\/strong><em><strong>Bajnoks\u00e1g<\/strong> | K2 F\u00e9rfi Masters 200 m 35-39 &#8211; A D\u00f6nt\u0151<\/em> <em>| <strong>4. hely<\/strong><\/em><br><em>Masters <\/em><strong><em>Magyar<\/em><\/strong><em><strong>Bajnoks\u00e1g<\/strong> | K4 Mix Masters 200 m 45-49 &#8211; A D\u00f6nt\u0151<\/em> <em>| <strong>3. hely<\/strong><\/em><br><em>ICF <strong>CANOE MARATHON MASTERS WORLD CHAMPIONSHIPS<\/strong><\/em> | K1 Men 35-39 | <strong><em>16. hely<\/em><\/strong><\/p>\n\n\n\n<p><em><strong>2026<\/strong><\/em><br><em><strong>Mosoni-Duna 75<\/strong> | <em><em>Verseny kajak csapathaj\u00f3<\/em><\/em> <em><em>&#8211; <em><em>Hossz\u00fat\u00e1v<\/em><\/em> 16 km<\/em><\/em> | <strong>1. hely<\/strong><\/em><\/p>\n\n\n\n<p><strong>HAJR\u00c1 <a href=\"https:\/\/www.dunafuredkajak.com\/\" target=\"_blank\" rel=\"noreferrer noopener\">DUNAF\u00dcRED<\/a>!<\/strong><\/p>\n","protected":false},"excerpt":{"rendered":"<p>\u00dcdv\u00f6zlet az Olvas\u00f3knak! Amat\u0151r sportol\u00f3k\u00e9nt kajakozok, ez pedig az \u00e9n oldalam. R\u00f3lam \u00edrt\u00e1k\/M\u00e9dia megjelen\u00e9sek:Viski G\u00e1bor, a h\u00edd az amat\u0151r\u00f6k \u00e9s a profik k\u00f6z\u00f6tt &#8211; kajakkenusport.hu 2022Mozaik: H\u00e9tv\u00e9g\u00e9n Balaton-\u00e1tevez\u00e9s &#8211; H\u00edrTV 2022SZOMBATI MOZAIK: Bemutatjuk a Hazai Vizek Bajnok\u00e1t &#8211; HalomTV 2022Battai amat\u0151r kajak sikerek &#8211; H\u00edrt\u00fck\u00f6r 2023Mapei Tour de Zalakaros 2024 &#8211; Balasport &#8211; SportTV 2024 [&hellip;]<\/p>\n","protected":false},"author":1,"featured_media":0,"parent":0,"menu_order":0,"comment_status":"closed","ping_status":"open","template":"","meta":{"_monsterinsights_skip_tracking":false,"_monsterinsights_sitenote_active":false,"_monsterinsights_sitenote_note":"","_monsterinsights_sitenote_category":0,"footnotes":""},"class_list":["post-2","page","type-page","status-publish","hentry"],"yoast_head":"<!-- This site is optimized with the Yoast SEO plugin v27.5 - https:\/\/yoast.com\/product\/yoast-seo-wordpress\/ -->\n<title>Bemutatkoz\u00e1s - Viski G\u00e1bor Albert<\/title>\n<meta name=\"robots\" content=\"index, follow, max-snippet:-1, max-image-preview:large, max-video-preview:-1\" \/>\n<link rel=\"canonical\" href=\"https:\/\/blog.viskigabor.hu\/?page_id=2\" \/>\n<meta property=\"og:locale\" content=\"hu_HU\" \/>\n<meta property=\"og:type\" content=\"article\" \/>\n<meta property=\"og:title\" content=\"Bemutatkoz\u00e1s - Viski G\u00e1bor Albert\" \/>\n<meta property=\"og:description\" content=\"\u00dcdv\u00f6zlet az Olvas\u00f3knak! Amat\u0151r sportol\u00f3k\u00e9nt kajakozok, ez pedig az \u00e9n oldalam. R\u00f3lam \u00edrt\u00e1k\/M\u00e9dia megjelen\u00e9sek:Viski G\u00e1bor, a h\u00edd az amat\u0151r\u00f6k \u00e9s a profik k\u00f6z\u00f6tt &#8211; kajakkenusport.hu 2022Mozaik: H\u00e9tv\u00e9g\u00e9n Balaton-\u00e1tevez\u00e9s &#8211; H\u00edrTV 2022SZOMBATI MOZAIK: Bemutatjuk a Hazai Vizek Bajnok\u00e1t &#8211; HalomTV 2022Battai amat\u0151r kajak sikerek &#8211; H\u00edrt\u00fck\u00f6r 2023Mapei Tour de Zalakaros 2024 &#8211; Balasport &#8211; SportTV 2024 [&hellip;]\" \/>\n<meta property=\"og:url\" content=\"https:\/\/blog.viskigabor.hu\/?page_id=2\" \/>\n<meta property=\"og:site_name\" content=\"Viski G\u00e1bor Albert\" \/>\n<meta property=\"article:modified_time\" content=\"2026-04-20T18:44:18+00:00\" \/>\n<meta name=\"twitter:card\" content=\"summary_large_image\" \/>\n<meta name=\"twitter:label1\" content=\"Becs\u00fclt olvas\u00e1si id\u0151\" \/>\n\t<meta name=\"twitter:data1\" content=\"9 perc\" \/>\n<script type=\"application\/ld+json\" class=\"yoast-schema-graph\">{\"@context\":\"https:\\\/\\\/schema.org\",\"@graph\":[{\"@type\":\"WebPage\",\"@id\":\"https:\\\/\\\/blog.viskigabor.hu\\\/?page_id=2\",\"url\":\"https:\\\/\\\/blog.viskigabor.hu\\\/?page_id=2\",\"name\":\"Bemutatkoz\u00e1s - Viski G\u00e1bor Albert\",\"isPartOf\":{\"@id\":\"https:\\\/\\\/blog.viskigabor.hu\\\/#website\"},\"datePublished\":\"2022-01-15T10:21:26+00:00\",\"dateModified\":\"2026-04-20T18:44:18+00:00\",\"breadcrumb\":{\"@id\":\"https:\\\/\\\/blog.viskigabor.hu\\\/?page_id=2#breadcrumb\"},\"inLanguage\":\"hu\",\"potentialAction\":[{\"@type\":\"ReadAction\",\"target\":[\"https:\\\/\\\/blog.viskigabor.hu\\\/?page_id=2\"]}]},{\"@type\":\"BreadcrumbList\",\"@id\":\"https:\\\/\\\/blog.viskigabor.hu\\\/?page_id=2#breadcrumb\",\"itemListElement\":[{\"@type\":\"ListItem\",\"position\":1,\"name\":\"Home\",\"item\":\"https:\\\/\\\/blog.viskigabor.hu\\\/\"},{\"@type\":\"ListItem\",\"position\":2,\"name\":\"Bemutatkoz\u00e1s\"}]},{\"@type\":\"WebSite\",\"@id\":\"https:\\\/\\\/blog.viskigabor.hu\\\/#website\",\"url\":\"https:\\\/\\\/blog.viskigabor.hu\\\/\",\"name\":\"Viski G\u00e1bor Albert\",\"description\":\"kayaking is not my hobby, it\u2019s my passion!\",\"potentialAction\":[{\"@type\":\"SearchAction\",\"target\":{\"@type\":\"EntryPoint\",\"urlTemplate\":\"https:\\\/\\\/blog.viskigabor.hu\\\/?s={search_term_string}\"},\"query-input\":{\"@type\":\"PropertyValueSpecification\",\"valueRequired\":true,\"valueName\":\"search_term_string\"}}],\"inLanguage\":\"hu\"}]}<\/script>\n<!-- \/ Yoast SEO plugin. -->","yoast_head_json":{"title":"Bemutatkoz\u00e1s - Viski G\u00e1bor Albert","robots":{"index":"index","follow":"follow","max-snippet":"max-snippet:-1","max-image-preview":"max-image-preview:large","max-video-preview":"max-video-preview:-1"},"canonical":"https:\/\/blog.viskigabor.hu\/?page_id=2","og_locale":"hu_HU","og_type":"article","og_title":"Bemutatkoz\u00e1s - Viski G\u00e1bor Albert","og_description":"\u00dcdv\u00f6zlet az Olvas\u00f3knak! Amat\u0151r sportol\u00f3k\u00e9nt kajakozok, ez pedig az \u00e9n oldalam. R\u00f3lam \u00edrt\u00e1k\/M\u00e9dia megjelen\u00e9sek:Viski G\u00e1bor, a h\u00edd az amat\u0151r\u00f6k \u00e9s a profik k\u00f6z\u00f6tt &#8211; kajakkenusport.hu 2022Mozaik: H\u00e9tv\u00e9g\u00e9n Balaton-\u00e1tevez\u00e9s &#8211; H\u00edrTV 2022SZOMBATI MOZAIK: Bemutatjuk a Hazai Vizek Bajnok\u00e1t &#8211; HalomTV 2022Battai amat\u0151r kajak sikerek &#8211; H\u00edrt\u00fck\u00f6r 2023Mapei Tour de Zalakaros 2024 &#8211; Balasport &#8211; SportTV 2024 [&hellip;]","og_url":"https:\/\/blog.viskigabor.hu\/?page_id=2","og_site_name":"Viski G\u00e1bor Albert","article_modified_time":"2026-04-20T18:44:18+00:00","twitter_card":"summary_large_image","twitter_misc":{"Becs\u00fclt olvas\u00e1si id\u0151":"9 perc"},"schema":{"@context":"https:\/\/schema.org","@graph":[{"@type":"WebPage","@id":"https:\/\/blog.viskigabor.hu\/?page_id=2","url":"https:\/\/blog.viskigabor.hu\/?page_id=2","name":"Bemutatkoz\u00e1s - Viski G\u00e1bor Albert","isPartOf":{"@id":"https:\/\/blog.viskigabor.hu\/#website"},"datePublished":"2022-01-15T10:21:26+00:00","dateModified":"2026-04-20T18:44:18+00:00","breadcrumb":{"@id":"https:\/\/blog.viskigabor.hu\/?page_id=2#breadcrumb"},"inLanguage":"hu","potentialAction":[{"@type":"ReadAction","target":["https:\/\/blog.viskigabor.hu\/?page_id=2"]}]},{"@type":"BreadcrumbList","@id":"https:\/\/blog.viskigabor.hu\/?page_id=2#breadcrumb","itemListElement":[{"@type":"ListItem","position":1,"name":"Home","item":"https:\/\/blog.viskigabor.hu\/"},{"@type":"ListItem","position":2,"name":"Bemutatkoz\u00e1s"}]},{"@type":"WebSite","@id":"https:\/\/blog.viskigabor.hu\/#website","url":"https:\/\/blog.viskigabor.hu\/","name":"Viski G\u00e1bor Albert","description":"kayaking is not my hobby, it\u2019s my passion!","potentialAction":[{"@type":"SearchAction","target":{"@type":"EntryPoint","urlTemplate":"https:\/\/blog.viskigabor.hu\/?s={search_term_string}"},"query-input":{"@type":"PropertyValueSpecification","valueRequired":true,"valueName":"search_term_string"}}],"inLanguage":"hu"}]}},"_links":{"self":[{"href":"https:\/\/blog.viskigabor.hu\/index.php?rest_route=\/wp\/v2\/pages\/2","targetHints":{"allow":["GET"]}}],"collection":[{"href":"https:\/\/blog.viskigabor.hu\/index.php?rest_route=\/wp\/v2\/pages"}],"about":[{"href":"https:\/\/blog.viskigabor.hu\/index.php?rest_route=\/wp\/v2\/types\/page"}],"author":[{"embeddable":true,"href":"https:\/\/blog.viskigabor.hu\/index.php?rest_route=\/wp\/v2\/users\/1"}],"replies":[{"embeddable":true,"href":"https:\/\/blog.viskigabor.hu\/index.php?rest_route=%2Fwp%2Fv2%2Fcomments&post=2"}],"version-history":[{"count":6,"href":"https:\/\/blog.viskigabor.hu\/index.php?rest_route=\/wp\/v2\/pages\/2\/revisions"}],"predecessor-version":[{"id":410,"href":"https:\/\/blog.viskigabor.hu\/index.php?rest_route=\/wp\/v2\/pages\/2\/revisions\/410"}],"wp:attachment":[{"href":"https:\/\/blog.viskigabor.hu\/index.php?rest_route=%2Fwp%2Fv2%2Fmedia&parent=2"}],"curies":[{"name":"wp","href":"https:\/\/api.w.org\/{rel}","templated":true}]}}